{"id":1314,"date":"2024-03-19T13:10:10","date_gmt":"2024-03-19T13:10:10","guid":{"rendered":"https:\/\/lisit.cl\/politica-de-privacidad\/"},"modified":"2024-07-30T21:58:31","modified_gmt":"2024-07-30T21:58:31","slug":"politica-de-privacidad","status":"publish","type":"page","link":"https:\/\/lisit.cl\/pt-br\/politica-de-privacidad\/","title":{"rendered":"Pol\u00edtica de privacidade"},"content":{"rendered":"\r\n<h5 class=\"wp-block-heading\">Quem somos<\/h5>\r\n\r\n\r\n\r\n<p>O endere\u00e7o do nosso site \u00e9: https:\/\/lisit.cl.<\/p>\r\n\r\n\r\n\r\n<h5 class=\"wp-block-heading\">Coment\u00e1rios<\/h5>\r\n\r\n\r\n\r\n<p>Quando os visitantes deixam coment\u00e1rios no site, coletamos os dados mostrados no formul\u00e1rio de coment\u00e1rios, e tamb\u00e9m o endere\u00e7o IP do visitante e a string do agente do usu\u00e1rio do navegador para ajudar na detec\u00e7\u00e3o de spam.<\/p>\r\n<p>Uma string an\u00f4nima criada a partir do seu endere\u00e7o de e-mail (tamb\u00e9m chamada de hash) pode ser fornecida ao servi\u00e7o Gravatar para verificar se voc\u00ea a est\u00e1 usando. A pol\u00edtica de privacidade do servi\u00e7o Gravatar est\u00e1 dispon\u00edvel aqui: https:\/\/automattic.com\/privacy\/. Ap\u00f3s a aprova\u00e7\u00e3o do seu coment\u00e1rio, a imagem do seu perfil fica vis\u00edvel ao p\u00fablico no contexto do seu coment\u00e1rio.<\/p>\r\n\r\n\r\n\r\n<h5 class=\"wp-block-heading\">Meios\u00a0<\/h5>\r\n\r\n\r\n\r\n<p>Se voc\u00ea fizer upload de imagens para o site, evite enviar imagens com dados de localiza\u00e7\u00e3o (EXIF GPS) inclu\u00eddos. Os visitantes do site podem baixar e extrair quaisquer dados de localiza\u00e7\u00e3o das imagens do site.<\/p>\r\n\r\n\r\n\r\n<h5 class=\"wp-block-heading\">Cookies<\/h5>\r\n\r\n\r\n\r\n<p>Se deixar um coment\u00e1rio no nosso site poder\u00e1 optar por guardar o seu nome, email e endere\u00e7o do site nos cookies. Isto \u00e9 para sua conveni\u00eancia, para que voc\u00ea n\u00e3o precise preencher seus dados novamente ao deixar outro coment\u00e1rio. Esses cookies duram um ano.<\/p>\r\n<p>Se voc\u00ea tiver uma conta e fizer login neste site, definiremos um cookie tempor\u00e1rio para determinar se o seu navegador aceita cookies. Este cookie n\u00e3o cont\u00e9m dados pessoais e \u00e9 eliminado quando fecha o navegador.<\/p>\r\n<p>Quando voc\u00ea fizer login, tamb\u00e9m definiremos v\u00e1rios cookies para salvar suas informa\u00e7\u00f5es de login e op\u00e7\u00f5es de exibi\u00e7\u00e3o na tela. Os cookies de acesso duram dois dias e os cookies de op\u00e7\u00f5es de tela duram um ano. Se voc\u00ea selecionar &#8216;Lembrar-me&#8217;, seu acesso durar\u00e1 duas semanas. Se voc\u00ea sair da sua conta, os cookies de login ser\u00e3o exclu\u00eddos.<\/p>\r\n<p>Se voc\u00ea editar ou publicar um artigo, um cookie adicional ser\u00e1 salvo no seu navegador. Este cookie n\u00e3o inclui dados pessoais e simplesmente indica o ID do artigo que acabou de editar. Expira ap\u00f3s 1 dia.<\/p>\r\n\r\n\r\n\r\n<h5 class=\"wp-block-heading\">Conte\u00fado incorporado de outros sites<\/h5>\r\n\r\n\r\n\r\n<p>Os artigos neste site podem incluir conte\u00fado incorporado (por exemplo, v\u00eddeos, imagens, artigos, etc.). O conte\u00fado incorporado de outros sites se comporta exatamente da mesma forma como se o visitante tivesse visitado o outro site.<\/p>\r\n<p>Esses sites podem coletar dados sobre voc\u00ea, usar cookies, incorporar rastreamento adicional de terceiros e monitorar sua intera\u00e7\u00e3o com esse conte\u00fado incorporado, incluindo rastrear sua intera\u00e7\u00e3o com o conte\u00fado incorporado se voc\u00ea tiver uma conta e estiver conectado a esse site.<\/p>\r\n\r\n\r\n\r\n<h5 class=\"wp-block-heading\">Com quem partilhamos os seus dados?<\/h5>\r\n\r\n\r\n\r\n<p>Se voc\u00ea solicitar uma redefini\u00e7\u00e3o de senha, seu endere\u00e7o IP ser\u00e1 inclu\u00eddo no e-mail de redefini\u00e7\u00e3o.<\/p>\r\n\r\n\r\n\r\n<h5 class=\"wp-block-heading\">Por quanto tempo mantemos seus dados<\/h5>\r\n\r\n\r\n\r\n<p>Se voc\u00ea deixar um coment\u00e1rio, o coment\u00e1rio e seus metadados ser\u00e3o retidos indefinidamente. Isso ocorre para que possamos reconhecer e aprovar coment\u00e1rios subsequentes automaticamente, em vez de mant\u00ea-los em uma fila de modera\u00e7\u00e3o.<\/p>\r\n<p>Para os usu\u00e1rios que se cadastram em nosso site (se houver), tamb\u00e9m armazenamos as informa\u00e7\u00f5es pessoais que eles fornecem em seu perfil de usu\u00e1rio. Todos os usu\u00e1rios podem visualizar, editar ou excluir suas informa\u00e7\u00f5es pessoais a qualquer momento (exceto que n\u00e3o podem alterar seu nome de usu\u00e1rio). Os administradores da Web tamb\u00e9m podem visualizar e editar essas informa\u00e7\u00f5es.<\/p>\r\n\r\n\r\n\r\n<h5 class=\"wp-block-heading\">Que direitos voc\u00ea tem sobre seus dados<\/h5>\r\n\r\n\r\n\r\n<p>Se voc\u00ea possui uma conta ou deixou coment\u00e1rios neste site, pode solicitar o recebimento de um arquivo de exporta\u00e7\u00e3o dos dados pessoais que mantemos sobre voc\u00ea, incluindo quaisquer dados que voc\u00ea nos forneceu. Voc\u00ea tamb\u00e9m pode solicitar que excluamos quaisquer dados pessoais que tenhamos sobre voc\u00ea. Isto n\u00e3o inclui quaisquer dados que sejamos obrigados a reter para fins administrativos, legais ou de seguran\u00e7a.<\/p>\r\n\r\n\r\n\r\n<h5 class=\"wp-block-heading\">Para onde seus dados s\u00e3o enviados?<\/h5>\r\n\r\n\r\n\r\n<p>Os coment\u00e1rios dos visitantes podem ser revisados \u200b\u200bpor um servi\u00e7o autom\u00e1tico de detec\u00e7\u00e3o de spam.<\/p>\r\n","protected":false},"excerpt":{"rendered":"<p>Quem somos O endere\u00e7o do nosso site \u00e9: https:\/\/lisit.cl. Coment\u00e1rios Quando os visitantes deixam coment\u00e1rios no site, coletamos os dados mostrados no formul\u00e1rio de coment\u00e1rios, e tamb\u00e9m o endere\u00e7o IP do visitante e a string do agente do usu\u00e1rio do navegador para ajudar na detec\u00e7\u00e3o de spam. Uma string an\u00f4nima criada a partir do seu [&hellip;]<\/p>\n","protected":false},"author":1,"featured_media":0,"parent":0,"menu_order":0,"comment_status":"closed","ping_status":"closed","template":"tmpl\/tmpl-politicas.php","meta":{"_acf_changed":false,"_joinchat":[],"footnotes":""},"class_list":["post-1314","page","type-page","status-publish","hentry"],"acf":[],"yoast_head":"<!-- This site is optimized with the Yoast SEO plugin v26.1.1 - https:\/\/yoast.com\/wordpress\/plugins\/seo\/ -->\r\n<title>Pol\u00edtica de privacidade | Lisit<\/title>\r\n<meta name=\"robots\" content=\"index, follow, max-snippet:-1, max-image-preview:large, max-video-preview:-1\" \/>\r\n<link rel=\"canonical\" href=\"https:\/\/lisit.cl\/politica-de-privacidad\/\" \/>\r\n<meta property=\"og:locale\" content=\"pt_BR\" \/>\r\n<meta property=\"og:type\" content=\"article\" \/>\r\n<meta property=\"og:title\" content=\"Pol\u00edtica de privacidade | Lisit\" \/>\r\n<meta property=\"og:description\" content=\"Quem somos O endere\u00e7o do nosso site \u00e9: https:\/\/lisit.cl. Coment\u00e1rios Quando os visitantes deixam coment\u00e1rios no site, coletamos os dados mostrados no formul\u00e1rio de coment\u00e1rios, e tamb\u00e9m o endere\u00e7o IP do visitante e a string do agente do usu\u00e1rio do navegador para ajudar na detec\u00e7\u00e3o de spam. Uma string an\u00f4nima criada a partir do seu [&hellip;]\" \/>\r\n<meta property=\"og:url\" content=\"https:\/\/lisit.cl\/politica-de-privacidad\/\" \/>\r\n<meta property=\"og:site_name\" content=\"Lisit\" \/>\r\n<meta property=\"article:publisher\" content=\"https:\/\/www.facebook.com\/Lisit.Cl\/\" \/>\r\n<meta property=\"article:modified_time\" content=\"2024-07-30T21:58:31+00:00\" \/>\r\n<meta property=\"og:image\" content=\"https:\/\/lisit.cl\/wp-content\/uploads\/2023\/12\/logolisit-white-196x145-1.png\" \/>\r\n\t<meta property=\"og:image:width\" content=\"195\" \/>\r\n\t<meta property=\"og:image:height\" content=\"129\" \/>\r\n\t<meta property=\"og:image:type\" content=\"image\/png\" \/>\r\n<meta name=\"twitter:card\" content=\"summary_large_image\" \/>\r\n<meta name=\"twitter:label1\" content=\"Est. tempo de leitura\" \/>\n\t<meta name=\"twitter:data1\" content=\"3 minutos\" \/>\r\n<script type=\"application\/ld+json\" class=\"yoast-schema-graph\">{\"@context\":\"https:\/\/schema.org\",\"@graph\":[{\"@type\":\"WebPage\",\"@id\":\"https:\/\/lisit.cl\/politica-de-privacidad\/\",\"url\":\"https:\/\/lisit.cl\/politica-de-privacidad\/\",\"name\":\"Pol\u00edtica de privacidade | Lisit\",\"isPartOf\":{\"@id\":\"https:\/\/lisit.cl\/#website\"},\"datePublished\":\"2024-03-19T13:10:10+00:00\",\"dateModified\":\"2024-07-30T21:58:31+00:00\",\"breadcrumb\":{\"@id\":\"https:\/\/lisit.cl\/politica-de-privacidad\/#breadcrumb\"},\"inLanguage\":\"pt-BR\",\"potentialAction\":[{\"@type\":\"ReadAction\",\"target\":[\"https:\/\/lisit.cl\/politica-de-privacidad\/\"]}]},{\"@type\":\"BreadcrumbList\",\"@id\":\"https:\/\/lisit.cl\/politica-de-privacidad\/#breadcrumb\",\"itemListElement\":[{\"@type\":\"ListItem\",\"position\":1,\"name\":\"Inicio\",\"item\":\"https:\/\/lisit.cl\/pt-br\/\"},{\"@type\":\"ListItem\",\"position\":2,\"name\":\"Pol\u00edtica de privacidade\"}]},{\"@type\":\"WebSite\",\"@id\":\"https:\/\/lisit.cl\/#website\",\"url\":\"https:\/\/lisit.cl\/\",\"name\":\"Lisit\",\"description\":\"Somos expertos en consultor\u00eda TI y transformaci\u00f3n digital. Brindamos desarrollo de software, apps y gesti\u00f3n de procesos. Lisit, de Chile al mundo.\",\"publisher\":{\"@id\":\"https:\/\/lisit.cl\/#organization\"},\"potentialAction\":[{\"@type\":\"SearchAction\",\"target\":{\"@type\":\"EntryPoint\",\"urlTemplate\":\"https:\/\/lisit.cl\/?s={search_term_string}\"},\"query-input\":{\"@type\":\"PropertyValueSpecification\",\"valueRequired\":true,\"valueName\":\"search_term_string\"}}],\"inLanguage\":\"pt-BR\"},{\"@type\":\"Organization\",\"@id\":\"https:\/\/lisit.cl\/#organization\",\"name\":\"Lisit\",\"url\":\"https:\/\/lisit.cl\/\",\"logo\":{\"@type\":\"ImageObject\",\"inLanguage\":\"pt-BR\",\"@id\":\"https:\/\/lisit.cl\/#\/schema\/logo\/image\/\",\"url\":\"https:\/\/lisit.cl\/wp-content\/uploads\/2023\/12\/logolisit-white-196x145-1.png\",\"contentUrl\":\"https:\/\/lisit.cl\/wp-content\/uploads\/2023\/12\/logolisit-white-196x145-1.png\",\"width\":195,\"height\":129,\"caption\":\"Lisit\"},\"image\":{\"@id\":\"https:\/\/lisit.cl\/#\/schema\/logo\/image\/\"},\"sameAs\":[\"https:\/\/www.facebook.com\/Lisit.Cl\/\",\"https:\/\/www.instagram.com\/lisit_consulting\/\",\"https:\/\/cl.linkedin.com\/company\/lisitconsulting\"]}]}<\/script>\r\n<!-- \/ Yoast SEO plugin. -->","yoast_head_json":{"title":"Pol\u00edtica de privacidade | Lisit","robots":{"index":"index","follow":"follow","max-snippet":"max-snippet:-1","max-image-preview":"max-image-preview:large","max-video-preview":"max-video-preview:-1"},"canonical":"https:\/\/lisit.cl\/politica-de-privacidad\/","og_locale":"pt_BR","og_type":"article","og_title":"Pol\u00edtica de privacidade | Lisit","og_description":"Quem somos O endere\u00e7o do nosso site \u00e9: https:\/\/lisit.cl. Coment\u00e1rios Quando os visitantes deixam coment\u00e1rios no site, coletamos os dados mostrados no formul\u00e1rio de coment\u00e1rios, e tamb\u00e9m o endere\u00e7o IP do visitante e a string do agente do usu\u00e1rio do navegador para ajudar na detec\u00e7\u00e3o de spam. Uma string an\u00f4nima criada a partir do seu [&hellip;]","og_url":"https:\/\/lisit.cl\/politica-de-privacidad\/","og_site_name":"Lisit","article_publisher":"https:\/\/www.facebook.com\/Lisit.Cl\/","article_modified_time":"2024-07-30T21:58:31+00:00","og_image":[{"width":195,"height":129,"url":"https:\/\/lisit.cl\/wp-content\/uploads\/2023\/12\/logolisit-white-196x145-1.png","type":"image\/png"}],"twitter_card":"summary_large_image","twitter_misc":{"Est. tempo de leitura":"3 minutos"},"schema":{"@context":"https:\/\/schema.org","@graph":[{"@type":"WebPage","@id":"https:\/\/lisit.cl\/politica-de-privacidad\/","url":"https:\/\/lisit.cl\/politica-de-privacidad\/","name":"Pol\u00edtica de privacidade | Lisit","isPartOf":{"@id":"https:\/\/lisit.cl\/#website"},"datePublished":"2024-03-19T13:10:10+00:00","dateModified":"2024-07-30T21:58:31+00:00","breadcrumb":{"@id":"https:\/\/lisit.cl\/politica-de-privacidad\/#breadcrumb"},"inLanguage":"pt-BR","potentialAction":[{"@type":"ReadAction","target":["https:\/\/lisit.cl\/politica-de-privacidad\/"]}]},{"@type":"BreadcrumbList","@id":"https:\/\/lisit.cl\/politica-de-privacidad\/#breadcrumb","itemListElement":[{"@type":"ListItem","position":1,"name":"Inicio","item":"https:\/\/lisit.cl\/pt-br\/"},{"@type":"ListItem","position":2,"name":"Pol\u00edtica de privacidade"}]},{"@type":"WebSite","@id":"https:\/\/lisit.cl\/#website","url":"https:\/\/lisit.cl\/","name":"Lisit","description":"Somos expertos en consultor\u00eda TI y transformaci\u00f3n digital. Brindamos desarrollo de software, apps y gesti\u00f3n de procesos. Lisit, de Chile al mundo.","publisher":{"@id":"https:\/\/lisit.cl\/#organization"},"potentialAction":[{"@type":"SearchAction","target":{"@type":"EntryPoint","urlTemplate":"https:\/\/lisit.cl\/?s={search_term_string}"},"query-input":{"@type":"PropertyValueSpecification","valueRequired":true,"valueName":"search_term_string"}}],"inLanguage":"pt-BR"},{"@type":"Organization","@id":"https:\/\/lisit.cl\/#organization","name":"Lisit","url":"https:\/\/lisit.cl\/","logo":{"@type":"ImageObject","inLanguage":"pt-BR","@id":"https:\/\/lisit.cl\/#\/schema\/logo\/image\/","url":"https:\/\/lisit.cl\/wp-content\/uploads\/2023\/12\/logolisit-white-196x145-1.png","contentUrl":"https:\/\/lisit.cl\/wp-content\/uploads\/2023\/12\/logolisit-white-196x145-1.png","width":195,"height":129,"caption":"Lisit"},"image":{"@id":"https:\/\/lisit.cl\/#\/schema\/logo\/image\/"},"sameAs":["https:\/\/www.facebook.com\/Lisit.Cl\/","https:\/\/www.instagram.com\/lisit_consulting\/","https:\/\/cl.linkedin.com\/company\/lisitconsulting"]}]}},"_links":{"self":[{"href":"https:\/\/lisit.cl\/pt-br\/wp-json\/wp\/v2\/pages\/1314","targetHints":{"allow":["GET"]}}],"collection":[{"href":"https:\/\/lisit.cl\/pt-br\/wp-json\/wp\/v2\/pages"}],"about":[{"href":"https:\/\/lisit.cl\/pt-br\/wp-json\/wp\/v2\/types\/page"}],"author":[{"embeddable":true,"href":"https:\/\/lisit.cl\/pt-br\/wp-json\/wp\/v2\/users\/1"}],"replies":[{"embeddable":true,"href":"https:\/\/lisit.cl\/pt-br\/wp-json\/wp\/v2\/comments?post=1314"}],"version-history":[{"count":0,"href":"https:\/\/lisit.cl\/pt-br\/wp-json\/wp\/v2\/pages\/1314\/revisions"}],"wp:attachment":[{"href":"https:\/\/lisit.cl\/pt-br\/wp-json\/wp\/v2\/media?parent=1314"}],"curies":[{"name":"wp","href":"https:\/\/api.w.org\/{rel}","templated":true}]}}