{"id":895,"date":"2023-11-17T01:07:28","date_gmt":"2023-11-17T01:07:28","guid":{"rendered":"https:\/\/lisit.cl\/software-apps-development\/"},"modified":"2024-01-26T03:50:26","modified_gmt":"2024-01-26T03:50:26","slug":"software-apps-development","status":"publish","type":"page","link":"https:\/\/lisit.cl\/en\/software-apps-development\/","title":{"rendered":"SOFTWARE &amp; APP\u2019s Development"},"content":{"rendered":"<p>LISIT offers customized services in software development and mobile applications, working closely with clients to create solutions that perfectly fit their requirements. These tailored digital tools enhance customer interaction and increase operational efficiency, adapting to the specific needs of the business.<\/p>\n","protected":false},"excerpt":{"rendered":"<p>LISIT offers customized services in software development and mobile applications, working closely with clients to create solutions that perfectly fit their requirements. These tailored digital tools enhance customer interaction and increase operational efficiency, adapting to the specific needs of the business.<\/p>\n","protected":false},"author":1,"featured_media":0,"parent":0,"menu_order":0,"comment_status":"closed","ping_status":"closed","template":"tmpl\/tmpl-app-development.php","meta":{"_acf_changed":false,"_joinchat":[],"footnotes":""},"class_list":["post-895","page","type-page","status-publish","hentry"],"acf":[],"yoast_head":"<!-- This site is optimized with the Yoast SEO plugin v26.1.1 - https:\/\/yoast.com\/wordpress\/plugins\/seo\/ -->\r\n<title>SOFTWARE &amp; APP\u2019s Development | Lisit<\/title>\r\n<meta name=\"robots\" content=\"index, follow, max-snippet:-1, max-image-preview:large, max-video-preview:-1\" \/>\r\n<link rel=\"canonical\" href=\"https:\/\/lisit.cl\/en\/software-apps-development\/\" \/>\r\n<meta property=\"og:locale\" content=\"en_US\" \/>\r\n<meta property=\"og:type\" content=\"article\" \/>\r\n<meta property=\"og:title\" content=\"SOFTWARE &amp; APP\u2019s Development | Lisit\" \/>\r\n<meta property=\"og:description\" content=\"LISIT offers customized services in software development and mobile applications, working closely with clients to create solutions that perfectly fit their requirements. These tailored digital tools enhance customer interaction and increase operational efficiency, adapting to the specific needs of the business.\" \/>\r\n<meta property=\"og:url\" content=\"https:\/\/lisit.cl\/en\/software-apps-development\/\" \/>\r\n<meta property=\"og:site_name\" content=\"Lisit\" \/>\r\n<meta property=\"article:publisher\" content=\"https:\/\/www.facebook.com\/Lisit.Cl\/\" \/>\r\n<meta property=\"article:modified_time\" content=\"2024-01-26T03:50:26+00:00\" \/>\r\n<meta property=\"og:image\" content=\"https:\/\/lisit.cl\/wp-content\/uploads\/2023\/12\/logolisit-white-196x145-1.png\" \/>\r\n\t<meta property=\"og:image:width\" content=\"195\" \/>\r\n\t<meta property=\"og:image:height\" content=\"129\" \/>\r\n\t<meta property=\"og:image:type\" content=\"image\/png\" \/>\r\n<meta name=\"twitter:card\" content=\"summary_large_image\" \/>\r\n<meta name=\"twitter:label1\" content=\"Est. reading time\" \/>\n\t<meta name=\"twitter:data1\" content=\"1 minute\" \/>\r\n<script type=\"application\/ld+json\" class=\"yoast-schema-graph\">{\"@context\":\"https:\/\/schema.org\",\"@graph\":[{\"@type\":\"WebPage\",\"@id\":\"https:\/\/lisit.cl\/en\/software-apps-development\/\",\"url\":\"https:\/\/lisit.cl\/en\/software-apps-development\/\",\"name\":\"SOFTWARE &amp; APP\u2019s Development | Lisit\",\"isPartOf\":{\"@id\":\"https:\/\/lisit.cl\/#website\"},\"datePublished\":\"2023-11-17T01:07:28+00:00\",\"dateModified\":\"2024-01-26T03:50:26+00:00\",\"breadcrumb\":{\"@id\":\"https:\/\/lisit.cl\/en\/software-apps-development\/#breadcrumb\"},\"inLanguage\":\"en-US\",\"potentialAction\":[{\"@type\":\"ReadAction\",\"target\":[\"https:\/\/lisit.cl\/en\/software-apps-development\/\"]}]},{\"@type\":\"BreadcrumbList\",\"@id\":\"https:\/\/lisit.cl\/en\/software-apps-development\/#breadcrumb\",\"itemListElement\":[{\"@type\":\"ListItem\",\"position\":1,\"name\":\"Inicio\",\"item\":\"https:\/\/lisit.cl\/en\/\"},{\"@type\":\"ListItem\",\"position\":2,\"name\":\"SOFTWARE &amp; APP\u2019s Development\"}]},{\"@type\":\"WebSite\",\"@id\":\"https:\/\/lisit.cl\/#website\",\"url\":\"https:\/\/lisit.cl\/\",\"name\":\"Lisit\",\"description\":\"Somos expertos en consultor\u00eda TI y transformaci\u00f3n digital. Brindamos desarrollo de software, apps y gesti\u00f3n de procesos. Lisit, de Chile al mundo.\",\"publisher\":{\"@id\":\"https:\/\/lisit.cl\/#organization\"},\"potentialAction\":[{\"@type\":\"SearchAction\",\"target\":{\"@type\":\"EntryPoint\",\"urlTemplate\":\"https:\/\/lisit.cl\/?s={search_term_string}\"},\"query-input\":{\"@type\":\"PropertyValueSpecification\",\"valueRequired\":true,\"valueName\":\"search_term_string\"}}],\"inLanguage\":\"en-US\"},{\"@type\":\"Organization\",\"@id\":\"https:\/\/lisit.cl\/#organization\",\"name\":\"Lisit\",\"url\":\"https:\/\/lisit.cl\/\",\"logo\":{\"@type\":\"ImageObject\",\"inLanguage\":\"en-US\",\"@id\":\"https:\/\/lisit.cl\/#\/schema\/logo\/image\/\",\"url\":\"https:\/\/lisit.cl\/wp-content\/uploads\/2023\/12\/logolisit-white-196x145-1.png\",\"contentUrl\":\"https:\/\/lisit.cl\/wp-content\/uploads\/2023\/12\/logolisit-white-196x145-1.png\",\"width\":195,\"height\":129,\"caption\":\"Lisit\"},\"image\":{\"@id\":\"https:\/\/lisit.cl\/#\/schema\/logo\/image\/\"},\"sameAs\":[\"https:\/\/www.facebook.com\/Lisit.Cl\/\",\"https:\/\/www.instagram.com\/lisit_consulting\/\",\"https:\/\/cl.linkedin.com\/company\/lisitconsulting\"]}]}<\/script>\r\n<!-- \/ Yoast SEO plugin. -->","yoast_head_json":{"title":"SOFTWARE &amp; APP\u2019s Development | Lisit","robots":{"index":"index","follow":"follow","max-snippet":"max-snippet:-1","max-image-preview":"max-image-preview:large","max-video-preview":"max-video-preview:-1"},"canonical":"https:\/\/lisit.cl\/en\/software-apps-development\/","og_locale":"en_US","og_type":"article","og_title":"SOFTWARE &amp; APP\u2019s Development | Lisit","og_description":"LISIT offers customized services in software development and mobile applications, working closely with clients to create solutions that perfectly fit their requirements. These tailored digital tools enhance customer interaction and increase operational efficiency, adapting to the specific needs of the business.","og_url":"https:\/\/lisit.cl\/en\/software-apps-development\/","og_site_name":"Lisit","article_publisher":"https:\/\/www.facebook.com\/Lisit.Cl\/","article_modified_time":"2024-01-26T03:50:26+00:00","og_image":[{"width":195,"height":129,"url":"https:\/\/lisit.cl\/wp-content\/uploads\/2023\/12\/logolisit-white-196x145-1.png","type":"image\/png"}],"twitter_card":"summary_large_image","twitter_misc":{"Est. reading time":"1 minute"},"schema":{"@context":"https:\/\/schema.org","@graph":[{"@type":"WebPage","@id":"https:\/\/lisit.cl\/en\/software-apps-development\/","url":"https:\/\/lisit.cl\/en\/software-apps-development\/","name":"SOFTWARE &amp; APP\u2019s Development | Lisit","isPartOf":{"@id":"https:\/\/lisit.cl\/#website"},"datePublished":"2023-11-17T01:07:28+00:00","dateModified":"2024-01-26T03:50:26+00:00","breadcrumb":{"@id":"https:\/\/lisit.cl\/en\/software-apps-development\/#breadcrumb"},"inLanguage":"en-US","potentialAction":[{"@type":"ReadAction","target":["https:\/\/lisit.cl\/en\/software-apps-development\/"]}]},{"@type":"BreadcrumbList","@id":"https:\/\/lisit.cl\/en\/software-apps-development\/#breadcrumb","itemListElement":[{"@type":"ListItem","position":1,"name":"Inicio","item":"https:\/\/lisit.cl\/en\/"},{"@type":"ListItem","position":2,"name":"SOFTWARE &amp; APP\u2019s Development"}]},{"@type":"WebSite","@id":"https:\/\/lisit.cl\/#website","url":"https:\/\/lisit.cl\/","name":"Lisit","description":"Somos expertos en consultor\u00eda TI y transformaci\u00f3n digital. Brindamos desarrollo de software, apps y gesti\u00f3n de procesos. Lisit, de Chile al mundo.","publisher":{"@id":"https:\/\/lisit.cl\/#organization"},"potentialAction":[{"@type":"SearchAction","target":{"@type":"EntryPoint","urlTemplate":"https:\/\/lisit.cl\/?s={search_term_string}"},"query-input":{"@type":"PropertyValueSpecification","valueRequired":true,"valueName":"search_term_string"}}],"inLanguage":"en-US"},{"@type":"Organization","@id":"https:\/\/lisit.cl\/#organization","name":"Lisit","url":"https:\/\/lisit.cl\/","logo":{"@type":"ImageObject","inLanguage":"en-US","@id":"https:\/\/lisit.cl\/#\/schema\/logo\/image\/","url":"https:\/\/lisit.cl\/wp-content\/uploads\/2023\/12\/logolisit-white-196x145-1.png","contentUrl":"https:\/\/lisit.cl\/wp-content\/uploads\/2023\/12\/logolisit-white-196x145-1.png","width":195,"height":129,"caption":"Lisit"},"image":{"@id":"https:\/\/lisit.cl\/#\/schema\/logo\/image\/"},"sameAs":["https:\/\/www.facebook.com\/Lisit.Cl\/","https:\/\/www.instagram.com\/lisit_consulting\/","https:\/\/cl.linkedin.com\/company\/lisitconsulting"]}]}},"_links":{"self":[{"href":"https:\/\/lisit.cl\/en\/wp-json\/wp\/v2\/pages\/895","targetHints":{"allow":["GET"]}}],"collection":[{"href":"https:\/\/lisit.cl\/en\/wp-json\/wp\/v2\/pages"}],"about":[{"href":"https:\/\/lisit.cl\/en\/wp-json\/wp\/v2\/types\/page"}],"author":[{"embeddable":true,"href":"https:\/\/lisit.cl\/en\/wp-json\/wp\/v2\/users\/1"}],"replies":[{"embeddable":true,"href":"https:\/\/lisit.cl\/en\/wp-json\/wp\/v2\/comments?post=895"}],"version-history":[{"count":0,"href":"https:\/\/lisit.cl\/en\/wp-json\/wp\/v2\/pages\/895\/revisions"}],"wp:attachment":[{"href":"https:\/\/lisit.cl\/en\/wp-json\/wp\/v2\/media?parent=895"}],"curies":[{"name":"wp","href":"https:\/\/api.w.org\/{rel}","templated":true}]}}