{"id":1391,"date":"2024-03-19T13:18:26","date_gmt":"2024-03-19T13:18:26","guid":{"rendered":"https:\/\/lisit.cl\/terminos-y-condiciones\/"},"modified":"2024-03-19T13:18:26","modified_gmt":"2024-03-19T13:18:26","slug":"terminos-y-condiciones","status":"publish","type":"page","link":"https:\/\/lisit.cl\/en\/terminos-y-condiciones\/","title":{"rendered":"T\u00e9rminos y Condiciones"},"content":{"rendered":"<h5>Introducci\u00f3n<\/h5>\n<p>Bienvenido a Lisit. Estos t\u00e9rminos y condiciones rigen tu uso del sitio web y los servicios ofrecidos en \u00e9l. Al acceder o utilizar el sitio web, aceptas estos t\u00e9rminos y condiciones en su totalidad. Si no est\u00e1s de acuerdo con estos t\u00e9rminos y condiciones o cualquier parte de ellos, no debes utilizar el sitio web.<\/p>\n<h5>Uso del Sitio Web<\/h5>\n<ol>\n<li><strong>Licencia de Uso<\/strong>: Se te concede una licencia limitada para acceder y utilizar el sitio web de acuerdo con estos t\u00e9rminos y condiciones.<\/li>\n<li><strong>Restricciones<\/strong>: No puedes utilizar el sitio web de una manera que pueda da\u00f1ar, deshabilitar, sobrecargar o comprometer la seguridad del mismo, ni interferir con el uso y disfrute de otras personas del sitio web.<\/li>\n<li><strong>Contenido<\/strong>: El contenido del sitio web es para tu informaci\u00f3n general y uso personal. Nos reservamos el derecho de cambiar, modificar o eliminar cualquier parte del sitio web o el contenido en cualquier momento sin previo aviso.<\/li>\n<\/ol>\n<h5>Responsabilidad<\/h5>\n<ol>\n<li><strong>Exactitud del Contenido<\/strong>: Nos esforzamos por garantizar que la informaci\u00f3n en el sitio web sea precisa y actualizada, pero no ofrecemos garant\u00edas en cuanto a la precisi\u00f3n, integridad o idoneidad del contenido.<\/li>\n<li><strong>Uso Bajo Tu Propio Riesgo<\/strong>: El uso del sitio web es bajo tu propio riesgo. No seremos responsables de ning\u00fan da\u00f1o directo, indirecto, incidental, consecuente o especial que pueda surgir del uso o la imposibilidad de usar el sitio web.<\/li>\n<li><strong>Enlaces a Terceros<\/strong>: El sitio web puede contener enlaces a sitios web de terceros que no est\u00e1n bajo nuestro control. No asumimos ninguna responsabilidad por el contenido, pol\u00edticas de privacidad o pr\u00e1cticas de cualquier sitio web de terceros.<\/li>\n<\/ol>\n<h5>Modificaciones<\/h5>\n<p>Nos reservamos el derecho de modificar estos t\u00e9rminos y condiciones en cualquier momento. Los cambios entrar\u00e1n en vigencia inmediatamente despu\u00e9s de su publicaci\u00f3n en el sitio web.<\/p>\n<h5>Ley Aplicable<\/h5>\n<p>Estos t\u00e9rminos y condiciones se rigen e interpretan de acuerdo con las leyes de Chile. Cualquier disputa relacionada con estos t\u00e9rminos y condiciones estar\u00e1 sujeta a la jurisdicci\u00f3n exclusiva de los tribunales de Chile.<\/p>\n<h5>Contacto<\/h5>\n<p>Si tienes alguna pregunta sobre estos t\u00e9rminos y condiciones, cont\u00e1ctanos en contacto@lisit.cl.<\/p>\n<p>Fecha de \u00daltima Actualizaci\u00f3n: [2024]<\/p>\n","protected":false},"excerpt":{"rendered":"<p>Introducci\u00f3n Bienvenido a Lisit. Estos t\u00e9rminos y condiciones rigen tu uso del sitio web y los servicios ofrecidos en \u00e9l. Al acceder o utilizar el sitio web, aceptas estos t\u00e9rminos y condiciones en su totalidad. Si no est\u00e1s de acuerdo con estos t\u00e9rminos y condiciones o cualquier parte de ellos, no debes utilizar el sitio [&hellip;]<\/p>\n","protected":false},"author":1,"featured_media":0,"parent":0,"menu_order":0,"comment_status":"closed","ping_status":"closed","template":"tmpl\/tmpl-terminos.php","meta":{"_acf_changed":false,"_joinchat":[],"footnotes":""},"class_list":["post-1391","page","type-page","status-publish","hentry"],"acf":[],"yoast_head":"<!-- This site is optimized with the Yoast SEO plugin v26.1.1 - https:\/\/yoast.com\/wordpress\/plugins\/seo\/ -->\r\n<title>T\u00e9rminos y Condiciones | Lisit<\/title>\r\n<meta name=\"robots\" content=\"index, follow, max-snippet:-1, max-image-preview:large, max-video-preview:-1\" \/>\r\n<link rel=\"canonical\" href=\"https:\/\/lisit.cl\/en\/terminos-y-condiciones\/\" \/>\r\n<meta property=\"og:locale\" content=\"en_US\" \/>\r\n<meta property=\"og:type\" content=\"article\" \/>\r\n<meta property=\"og:title\" content=\"T\u00e9rminos y Condiciones | Lisit\" \/>\r\n<meta property=\"og:description\" content=\"Introducci\u00f3n Bienvenido a Lisit. Estos t\u00e9rminos y condiciones rigen tu uso del sitio web y los servicios ofrecidos en \u00e9l. Al acceder o utilizar el sitio web, aceptas estos t\u00e9rminos y condiciones en su totalidad. Si no est\u00e1s de acuerdo con estos t\u00e9rminos y condiciones o cualquier parte de ellos, no debes utilizar el sitio [&hellip;]\" \/>\r\n<meta property=\"og:url\" content=\"https:\/\/lisit.cl\/en\/terminos-y-condiciones\/\" \/>\r\n<meta property=\"og:site_name\" content=\"Lisit\" \/>\r\n<meta property=\"article:publisher\" content=\"https:\/\/www.facebook.com\/Lisit.Cl\/\" \/>\r\n<meta property=\"og:image\" content=\"https:\/\/lisit.cl\/wp-content\/uploads\/2023\/12\/logolisit-white-196x145-1.png\" \/>\r\n\t<meta property=\"og:image:width\" content=\"195\" \/>\r\n\t<meta property=\"og:image:height\" content=\"129\" \/>\r\n\t<meta property=\"og:image:type\" content=\"image\/png\" \/>\r\n<meta name=\"twitter:card\" content=\"summary_large_image\" \/>\r\n<meta name=\"twitter:label1\" content=\"Est. reading time\" \/>\n\t<meta name=\"twitter:data1\" content=\"2 minutes\" \/>\r\n<script type=\"application\/ld+json\" class=\"yoast-schema-graph\">{\"@context\":\"https:\/\/schema.org\",\"@graph\":[{\"@type\":\"WebPage\",\"@id\":\"https:\/\/lisit.cl\/en\/terminos-y-condiciones\/\",\"url\":\"https:\/\/lisit.cl\/en\/terminos-y-condiciones\/\",\"name\":\"T\u00e9rminos y Condiciones | Lisit\",\"isPartOf\":{\"@id\":\"https:\/\/lisit.cl\/#website\"},\"datePublished\":\"2024-03-19T13:18:26+00:00\",\"breadcrumb\":{\"@id\":\"https:\/\/lisit.cl\/en\/terminos-y-condiciones\/#breadcrumb\"},\"inLanguage\":\"en-US\",\"potentialAction\":[{\"@type\":\"ReadAction\",\"target\":[\"https:\/\/lisit.cl\/en\/terminos-y-condiciones\/\"]}]},{\"@type\":\"BreadcrumbList\",\"@id\":\"https:\/\/lisit.cl\/en\/terminos-y-condiciones\/#breadcrumb\",\"itemListElement\":[{\"@type\":\"ListItem\",\"position\":1,\"name\":\"Inicio\",\"item\":\"https:\/\/lisit.cl\/en\/\"},{\"@type\":\"ListItem\",\"position\":2,\"name\":\"T\u00e9rminos y Condiciones\"}]},{\"@type\":\"WebSite\",\"@id\":\"https:\/\/lisit.cl\/#website\",\"url\":\"https:\/\/lisit.cl\/\",\"name\":\"Lisit\",\"description\":\"Somos expertos en consultor\u00eda TI y transformaci\u00f3n digital. Brindamos desarrollo de software, apps y gesti\u00f3n de procesos. Lisit, de Chile al mundo.\",\"publisher\":{\"@id\":\"https:\/\/lisit.cl\/#organization\"},\"potentialAction\":[{\"@type\":\"SearchAction\",\"target\":{\"@type\":\"EntryPoint\",\"urlTemplate\":\"https:\/\/lisit.cl\/?s={search_term_string}\"},\"query-input\":{\"@type\":\"PropertyValueSpecification\",\"valueRequired\":true,\"valueName\":\"search_term_string\"}}],\"inLanguage\":\"en-US\"},{\"@type\":\"Organization\",\"@id\":\"https:\/\/lisit.cl\/#organization\",\"name\":\"Lisit\",\"url\":\"https:\/\/lisit.cl\/\",\"logo\":{\"@type\":\"ImageObject\",\"inLanguage\":\"en-US\",\"@id\":\"https:\/\/lisit.cl\/#\/schema\/logo\/image\/\",\"url\":\"https:\/\/lisit.cl\/wp-content\/uploads\/2023\/12\/logolisit-white-196x145-1.png\",\"contentUrl\":\"https:\/\/lisit.cl\/wp-content\/uploads\/2023\/12\/logolisit-white-196x145-1.png\",\"width\":195,\"height\":129,\"caption\":\"Lisit\"},\"image\":{\"@id\":\"https:\/\/lisit.cl\/#\/schema\/logo\/image\/\"},\"sameAs\":[\"https:\/\/www.facebook.com\/Lisit.Cl\/\",\"https:\/\/www.instagram.com\/lisit_consulting\/\",\"https:\/\/cl.linkedin.com\/company\/lisitconsulting\"]}]}<\/script>\r\n<!-- \/ Yoast SEO plugin. -->","yoast_head_json":{"title":"T\u00e9rminos y Condiciones | Lisit","robots":{"index":"index","follow":"follow","max-snippet":"max-snippet:-1","max-image-preview":"max-image-preview:large","max-video-preview":"max-video-preview:-1"},"canonical":"https:\/\/lisit.cl\/en\/terminos-y-condiciones\/","og_locale":"en_US","og_type":"article","og_title":"T\u00e9rminos y Condiciones | Lisit","og_description":"Introducci\u00f3n Bienvenido a Lisit. Estos t\u00e9rminos y condiciones rigen tu uso del sitio web y los servicios ofrecidos en \u00e9l. Al acceder o utilizar el sitio web, aceptas estos t\u00e9rminos y condiciones en su totalidad. Si no est\u00e1s de acuerdo con estos t\u00e9rminos y condiciones o cualquier parte de ellos, no debes utilizar el sitio [&hellip;]","og_url":"https:\/\/lisit.cl\/en\/terminos-y-condiciones\/","og_site_name":"Lisit","article_publisher":"https:\/\/www.facebook.com\/Lisit.Cl\/","og_image":[{"width":195,"height":129,"url":"https:\/\/lisit.cl\/wp-content\/uploads\/2023\/12\/logolisit-white-196x145-1.png","type":"image\/png"}],"twitter_card":"summary_large_image","twitter_misc":{"Est. reading time":"2 minutes"},"schema":{"@context":"https:\/\/schema.org","@graph":[{"@type":"WebPage","@id":"https:\/\/lisit.cl\/en\/terminos-y-condiciones\/","url":"https:\/\/lisit.cl\/en\/terminos-y-condiciones\/","name":"T\u00e9rminos y Condiciones | Lisit","isPartOf":{"@id":"https:\/\/lisit.cl\/#website"},"datePublished":"2024-03-19T13:18:26+00:00","breadcrumb":{"@id":"https:\/\/lisit.cl\/en\/terminos-y-condiciones\/#breadcrumb"},"inLanguage":"en-US","potentialAction":[{"@type":"ReadAction","target":["https:\/\/lisit.cl\/en\/terminos-y-condiciones\/"]}]},{"@type":"BreadcrumbList","@id":"https:\/\/lisit.cl\/en\/terminos-y-condiciones\/#breadcrumb","itemListElement":[{"@type":"ListItem","position":1,"name":"Inicio","item":"https:\/\/lisit.cl\/en\/"},{"@type":"ListItem","position":2,"name":"T\u00e9rminos y Condiciones"}]},{"@type":"WebSite","@id":"https:\/\/lisit.cl\/#website","url":"https:\/\/lisit.cl\/","name":"Lisit","description":"Somos expertos en consultor\u00eda TI y transformaci\u00f3n digital. Brindamos desarrollo de software, apps y gesti\u00f3n de procesos. Lisit, de Chile al mundo.","publisher":{"@id":"https:\/\/lisit.cl\/#organization"},"potentialAction":[{"@type":"SearchAction","target":{"@type":"EntryPoint","urlTemplate":"https:\/\/lisit.cl\/?s={search_term_string}"},"query-input":{"@type":"PropertyValueSpecification","valueRequired":true,"valueName":"search_term_string"}}],"inLanguage":"en-US"},{"@type":"Organization","@id":"https:\/\/lisit.cl\/#organization","name":"Lisit","url":"https:\/\/lisit.cl\/","logo":{"@type":"ImageObject","inLanguage":"en-US","@id":"https:\/\/lisit.cl\/#\/schema\/logo\/image\/","url":"https:\/\/lisit.cl\/wp-content\/uploads\/2023\/12\/logolisit-white-196x145-1.png","contentUrl":"https:\/\/lisit.cl\/wp-content\/uploads\/2023\/12\/logolisit-white-196x145-1.png","width":195,"height":129,"caption":"Lisit"},"image":{"@id":"https:\/\/lisit.cl\/#\/schema\/logo\/image\/"},"sameAs":["https:\/\/www.facebook.com\/Lisit.Cl\/","https:\/\/www.instagram.com\/lisit_consulting\/","https:\/\/cl.linkedin.com\/company\/lisitconsulting"]}]}},"_links":{"self":[{"href":"https:\/\/lisit.cl\/en\/wp-json\/wp\/v2\/pages\/1391","targetHints":{"allow":["GET"]}}],"collection":[{"href":"https:\/\/lisit.cl\/en\/wp-json\/wp\/v2\/pages"}],"about":[{"href":"https:\/\/lisit.cl\/en\/wp-json\/wp\/v2\/types\/page"}],"author":[{"embeddable":true,"href":"https:\/\/lisit.cl\/en\/wp-json\/wp\/v2\/users\/1"}],"replies":[{"embeddable":true,"href":"https:\/\/lisit.cl\/en\/wp-json\/wp\/v2\/comments?post=1391"}],"version-history":[{"count":0,"href":"https:\/\/lisit.cl\/en\/wp-json\/wp\/v2\/pages\/1391\/revisions"}],"wp:attachment":[{"href":"https:\/\/lisit.cl\/en\/wp-json\/wp\/v2\/media?parent=1391"}],"curies":[{"name":"wp","href":"https:\/\/api.w.org\/{rel}","templated":true}]}}